{"id":3179,"date":"2020-06-23T12:38:36","date_gmt":"2020-06-23T10:38:36","guid":{"rendered":"http:\/\/www.ispc.cnr.it\/?page_id=3179"},"modified":"2026-03-26T13:47:57","modified_gmt":"2026-03-26T12:47:57","slug":"privacy-policy","status":"publish","type":"page","link":"https:\/\/www.ispc.cnr.it\/it_it\/privacy-policy\/","title":{"rendered":"Privacy Policy"},"content":{"rendered":"<div class=\"wpb-content-wrapper\"><div data-parent=\"true\" class=\"vc_row row-container\" id=\"row-unique-0\"><div class=\"row limit-width row-parent\"><div class=\"wpb_row row-inner\"><div class=\"wpb_column pos-top pos-center align_left column_parent col-lg-12 single-internal-gutter\"><div class=\"uncol style-light\"  ><div class=\"uncoltable\"><div class=\"uncell no-block-padding\" ><div class=\"uncont\" ><div class=\"uncode_text_column\" ><\/p>\n<div class=\"cli_pg_page_contaner\">\n<h1>Privacy Policy<\/h1>\n<p>La presente Privacy Policy \u00e8 resa nel rispetto dell\u2019articolo 13 del GDPR 2016\/679 (General Data Protection Regulation, Regolamento europeo in materia di protezione dei dati personali) e delle Linee guida del Garante in merito a cookie e altri strumenti di tracciamento &#8211; 10 giugno 2021.<\/p>\n<h2>Finalit\u00e0 e trattamento dei dati<\/h2>\n<div>\n<p>In questa sezione sono contenute le informazioni relative alle modalit\u00e0 di gestione di ISPC-CNR in riferimento al trattamento dei dati degli utenti di <a href=\"https:\/\/ispc.cnr.it\">www.ispc.cnr.it<\/a>.<\/p>\n<p>La presente informativa \u00e8 resa solo per il portale di ISPC-CNR (www.ispc.cnr.it) e non anche per altri siti web eventualmente raggiunti dall\u2019utente tramite link.<\/p>\n<p>Alcune pagine possono richiedere dati personali: si informa che il loro mancato conferimento pu\u00f2 comportare l\u2019impossibilit\u00e0 di raggiungere le finalit\u00e0 cui il trattamento \u00e8 connesso.<\/p>\n<p>Ai sensi dell&#8217;art. 13 del Regolamento UE 2016\/679, si informa che il trattamento dei dati personali effettuato tramite www.ispc.cnr.it attiene esclusivamente ai dati personali acquisiti in relazione al raggiungimento dei fini istituzionali dell\u2019Ente, o comunque connessi all\u2019esercizio dei compiti di interesse pubblico e all\u2019esercizio di pubblici poteri cui \u00e8 chiamato, incluse le finalit\u00e0 di ricerca scientifica e analisi per scopi statistici, di didattica e di amministrazione, ai sensi dell\u2019art. 6, comma 1, lett. e) e, in particolare, al fine di fornire e migliorare i servizi web offerti.<\/p>\n<p>Tali dati personali sono trattati in modo lecito, corretto, pertinente, limitato a quanto necessario al raggiungimento delle finalit\u00e0 del trattamento, per il solo tempo necessario a conseguire gli scopi per cui sono stati raccolti e comunque in conformit\u00e0 ai principi indicati nell\u2019art. 5 del Regolamento UE 2016\/679.<\/p>\n<p>Specifiche misure di sicurezza sono osservate per prevenire la perdita dei dati, usi illeciti o non corretti e accessi non autorizzati.<\/p>\n<\/div>\n<h2>Diritti degli interessati<\/h2>\n<div>\n<p>Gli interessati hanno il diritto di chiedere al titolare del trattamento l\u2019accesso ai dati personali e la rettifica o la cancellazione degli stessi o la limitazione del trattamento che li riguarda o di opporsi al trattamento secondo quanto previsto dagli art. 15 e ss. del Regolamento UE 2016\/679.<\/p>\n<p>L\u2019interessato ha diritto di presentare la propria istanza al Titolare del trattamento dati.<br \/>\nLe istanze dovranno essere indirizzate a: <a href=\"mailto:ufficiostampa@cnr.it\" target=\"_blank\" rel=\"noopener\">ufficiostampa@cnr.it<\/a><\/p>\n<p>Agli interessati, ricorrendone i presupposti, \u00e8 riconosciuto altres\u00ec il diritto di proporre reclamo al Garante quale autorit\u00e0 di controllo.<\/p>\n<p>Ai sensi del Reg. 2016\/679, il Titolare del trattamento dati \u00e8 il CNR &#8211; Consiglio nazionale delle ricerche con sede legale a Roma, Piazzale Aldo Moro 7, 00185 Roma, Italia.<\/p>\n<p>Ai sensi del Reg. 2016\/679, Responsabile del trattamento dei dati personali effettuato tramite www.ispc.cnr.it \u00e8 l\u2019Istituto di Scienze del Patrimonio Culturale, contattabile al seguente indirizzo email: <a class=\"moz-txt-link-abbreviated\" href=\"mailto:direttore@ispc.cnr.it\">direttore@ispc.cnr.it<\/a><\/p>\n<p>Ai sensi degli artt. 37 e ss. del predetto Regolamento relativo alla protezione delle persone fisiche con riguardo al trattamento dei dati, il CNR con \u00a0<a href=\"https:\/\/www.urp.cnr.it\/copertine\/ente\/ente_normativa\/ordinamento\/2023\/091.pdf\" target=\"_blank\" rel=\"noopener\">provvedimento 91\/2023 del 04\/07\/2023<\/a>\u00a0ha designato il Responsabile per la Protezione dei Dati (RPD o DPO), email:\u00a0<a href=\"mailto:rpd@cnr.it\">rpd@cnr.it<\/a>.<\/p>\n<\/div>\n<h2>Informazioni di contatto<\/h2>\n<div>\n<p><strong>Titolare del Trattamento dati<\/strong>: Consiglio Nazionale delle Ricerche, Piazzale A. Moro 7 &#8211; 00185 ROMA &#8211; email: <a href=\"mailto:ufficiostampa@cnr.it\">ufficiostampa@cnr.it<\/a><\/p>\n<p><strong>Responsabile per la Protezione dei Dati (RPD)<\/strong>: Consiglio Nazionale delle Ricerche, Piazzale A. Moro 7 &#8211; 00185 ROMA &#8211; email:\u00a0<a href=\"mailto:rpd@cnr.it\">rpd@cnr.it<\/a><\/p>\n<p><strong>Responsabile del trattamento dei dati per Istituto ISPC<\/strong>: Direttore COSTANZA MILIANI &#8211; email: <a class=\"moz-txt-link-abbreviated\" href=\"mailto:direttore@ispc.cnr.it\">direttore@ispc.cnr.it<\/a><\/p>\n<p><strong>Referente responsabile interno GDPR<\/strong>: FABIO FORTINGUERRA \u2013 email:\u00a0<a href=\"mailto:fabio.fortinguerra@cnr.it\">fabio.fortinguerra@cnr.it<\/a><\/p>\n<\/div>\n<h1>Cookie policy<\/h1>\n<div>\n<h2><strong>Informativa sui Cookies<\/strong><\/h2>\n<ul>\n<li>Un \u201ccookie\u201d \u00e8 un piccolo file di testo creato da alcuni siti web sul computer dell\u2019utente al momento in cui questo accede a un determinato sito, con lo scopo di immagazzinare e trasportare informazioni. I cookies sono inviati da un server web (che \u00e8 il computer sul quale \u00e8 in esecuzione il sito web visitato) al browser dell\u2019utente (Internet Explorer, Mozilla Firefox, Google Chrome, ecc\u2026) e memorizzati sul computer di quest\u2019ultimo; vengono, quindi, re-inviati al sito web al momento delle visite successive.<\/li>\n<li>Alcune operazioni non potrebbero essere compiute senza l\u2019uso dei cookie, che, in alcuni casi, sono quindi tecnicamente necessari. In altri casi il sito visualizzato utilizza cookie per facilitare e agevolare la navigazione da parte dell\u2019utente o per consentire a questi di usufruire di servizi specificamente richiesti.<\/li>\n<li>I cookies possono rimanere nel sistema anche per lunghi periodi e possono contenere anche un codice identificativo unico. Ci\u00f2 consente ai siti che li utilizzano di tenere traccia della navigazione dell\u2019utente all\u2019interno del sito stesso, per finalit\u00e0 statistiche o pubblicitarie, per creare cio\u00e8 un profilo personalizzato dell\u2019utente a partire dalle pagine che lo stesso ha visitato e mostrargli e\/o inviargli quindi pubblicit\u00e0 mirate (c.d. <em>Behavioural Advertising<\/em>).<\/li>\n<\/ul>\n<h2><strong>Cookies utilizzati in questo sito web<\/strong><\/h2>\n<p>Questo sito Web utilizza esclusivamente cookies di sessione strettamente necessari per consentire specifiche funzioni richieste che garantiscono la normale navigazione e l\u2019uso del sito Web e vengono cancellati automaticamente alla fine di ogni navigazione.<\/p>\n<h2><strong>Trasferimento dei dati in paesi extra UE<\/strong><\/h2>\n<p>Il presente sito potrebbe condividere alcuni dei dati raccolti con servizi localizzati al di fuori dell&#8217;area dell&#8217;Unione Europea. In particolare con Google, Facebook e Microsoft (LinkedIn) tramite i social plugin. Il trasferimento \u00e8 autorizzato in base a specifiche decisioni della Commissione europea, oppure in base alle clausole contrattuali standard dei singoli servizi.<\/p>\n<h2><strong>Misure di sicurezza<\/strong><\/h2>\n<p>Trattiamo i dati dei visitatori\/utenti in maniera lecita e corretta, adottando le opportune misure di sicurezza volte ad impedire accessi non autorizzati, divulgazione, modifica o distruzione non autorizzata dei dati. Ci impegniamo a tutelare la sicurezza dei tuoi dati personali durante il loro invio, utilizzando la tecnologia Secure Sockets Layer (SSL), che cripta le informazioni in transito. Il trattamento viene effettuato mediante strumenti informatici e\/o telematici, con modalit\u00e0 organizzative e con logiche strettamente correlate alle finalit\u00e0 indicate.<\/p>\n<h2><strong>Disabilitazione cookie<\/strong><\/h2>\n<p>L&#8217;utente pu\u00f2 rifiutare l&#8217;utilizzo dei cookie e in qualsiasi momento pu\u00f2 revocare un consenso gi\u00e0 fornito. Poich\u00e9 i cookie sono collegati al browser utilizzato, <strong>possono essere disabilitati direttamente dal browser<\/strong>, cos\u00ec rifiutando\/revocando il consenso all&#8217;uso dei cookie, oppure tramite il banner posto a fondo pagina.<\/p>\n<p><strong>La disabilitazione dei cookie potrebbe impedire il corretto utilizzo di alcune funzioni del sito stesso<\/strong>, in particolare i servizi forniti da terze parti potrebbero non essere accessibili, e quindi potrebbero non essere visualizzabili:<br \/>\n&#8211; video di YouTube o altri servizi di condivisione video;<br \/>\n&#8211; i social button dei social network;<br \/>\n&#8211; le mappe di Google.<\/p>\n<p>Le istruzioni per la disabilitazione dei cookies si trovano alle seguenti pagine web:<\/p>\n<p><a href=\"https:\/\/support.mozilla.org\/it\/kb\/Attivare%20e%20disattivare%20i%20cookie\">Mozilla Firefox<\/a> &#8211; <a href=\"https:\/\/support.microsoft.com\/it-it\/help\/17442\/windows-internet-explorer-delete-manage-cookies\">Microsoft Internet Explorer<\/a> &#8211; <a href=\"https:\/\/support.microsoft.com\/it-it\/help\/4027947\/windows-delete-cookies\">Microsoft Edge<\/a> &#8211; <a href=\"https:\/\/support.google.com\/chrome\/answer\/95647?hl=it\">Google Chrome<\/a> &#8211; <a href=\"https:\/\/www.opera.com\/it\/privacy\/cookies\">Opera<\/a> &#8211; <a href=\"https:\/\/support.apple.com\/it-it\/HT201265\">Apple Safari<\/a><\/p>\n<h2><strong>Cookie di terze parti<\/strong><\/h2>\n<h3><strong>Matomo<\/strong><\/h3>\n<p>Al fine di facilitare la navigazione nel sito e le modalit\u00e0 di indirizzamento dei visitatori presso lo stesso, il sito utilizza Matomo, un software open source di analisi web che garantisce piena compatibilit\u00e0 con le leggi europee relative alla protezione dei dati. Per analizzare i punti di maggiore interesse dei siti visitati dall&#8217;utente, Matomo utilizza i cookie a scopi statistici e raccoglie informazioni in sola forma aggregata, senza associare l&#8217;indirizzo IP di navigazione dell&#8217;utente a nessun altro dato raccolto precedentemente.<\/p>\n<p>\u00c8 facolt\u00e0 dell\u2019utente che visita il portale rifiutare i cookie analytics, agendo sulle impostazioni disponibili nel browser. La disabilitazione dei cookie potrebbe impedire il corretto funzionamento di alcuni servizi o la fruizione di alcuni contenuti.<\/p>\n<p><a href=\"https:\/\/matomo.org\/privacy-policy\/\" target=\"_blank\" rel=\"noopener\">Privacy policy di Matomo<\/a><\/p>\n<h3><strong>Social Network<\/strong><\/h3>\n<p>Usiamo alcuni dei principali social network per tenerci in contatto con i nostri utenti. Questo servizio terzo potrebbe rilasciare cookie per il suo corretto funzionamento. Per la condivisione su Facebook, Instagram, YouTube e LinkedIn alcune informazioni personali potrebbero essere acquisite dai gestori delle piattaforme di social network ogni volta che l&#8217;Utente decide di interagire con i plug-in.\u00a0Per maggiori informazioni sulle logiche e le modalit\u00e0 di trattamento dei dati raccolti,\u00a0gli utenti sono invitati a leggere le note informative sulla privacy fornite dai soggetti che forniscono i servizi in questione:<\/p>\n<p>Facebook: <a href=\"https:\/\/www.facebook.com\/privacy\/explanation\">https:\/\/www.facebook.com\/privacy\/explanation<\/a><\/p>\n<p>Instagram:\u00a0<a href=\"http:\/\/www.instagram.com\/legal\/privacy\">http:\/\/www.instagram.com\/legal\/privacy<\/a><\/p>\n<p>YouTube:\u00a0<a href=\"https:\/\/www.google.it\/intl\/it\/policies\/privacy\">https:\/\/www.google.it\/intl\/it\/policies\/privacy<\/a><\/p>\n<p>LinkedIn:\u00a0<a href=\"https:\/\/www.linkedin.com\/legal\/privacy-policy\">https:\/\/www.linkedin.com\/legal\/privacy-policy<\/a><\/p>\n<h3><strong>Brevo &#8211; Newsletter<\/strong><\/h3>\n<p>Per l\u2019invio e la gestione della newsletter, il CNR ISPC utilizza il servizio offerto da Brevo (Sendinblue SAS, 17 rue Salneuve, 75017 Parigi, Francia).<\/p>\n<p>I dati raccolti vengono memorizzati sui server sicuri di Brevo, situati all&#8217;interno dell&#8217;Unione Europea. Ai sensi della privacy policy di Brevo, i dati degli utenti sono trattati nel rigoroso rispetto del GDPR e non verranno mai utilizzati direttamente dalla piattaforma per propri scopi promozionali, n\u00e9 da essa venduti a terzi. Brevo agisce in qualit\u00e0 di Responsabile del trattamento e si avvale di sub-responsabili opportunamente autorizzati esclusivamente per il mantenimento tecnico del servizio; nell\u2019esercizio di detta funzione essi potrebbero avere accesso ai dati nel rispetto di stringenti clausole di riservatezza.<\/p>\n<p><a href=\"https:\/\/www.brevo.com\/legal\/privacypolicy\/\" target=\"_blank\" rel=\"noopener\">Privacy Policy | Brevo<\/a><\/p>\n<h2><a id=\"nextcloud\"><\/a><strong>Servizio Cloud (Nextcloud)<\/strong><\/h2>\n<p>L\u2019Istituto rende disponibile ai propri dipendenti (ricercatori, tecnologi, tecnici, personale amministrativo e assegnisti di ricerca) un servizio di cloud storage, basato su un\u2019istallazione self-hosted del software open source <a href=\"https:\/\/nextcloud.com\">Nextcloud<\/a>.<\/p>\n<p>Il sistema \u00e8 installato su un server ospitato presso il datacenter di Catania del <a href=\"https:\/\/www.garr.it\">Consortium GARR<\/a>; tale server \u00e8 gestito autonomamente da Nicol\u00f2 Paraciani (dipendente del CNR-ISPC, Sede secondaria di Roma) che potr\u00e0 avere accesso allo stesso e ai dati ivi presenti esclusivamente per ragioni di carattere tecnico e alle condizioni di seguito indicate.<\/p>\n<p>L\u2019accesso al cloud avviene tramite credenziali CNR (le stesse utilizzate per accedere a SIPER, Scrivania Digitale ecc.) gestite dal sistema di autenticazione interno; le credenziali non sono trasmesse in nessun modo a servizi di terze parti.<\/p>\n<p>Questo vale sia per l\u2019interfaccia web, sia per l\u2019utilizzo tramite client desktop e\/o applicazioni mobile (Android e iOS). In particolare, queste ultime sincronizzano i dati comunicando direttamente con il server dell\u2019installazione di Istituto ospitato presso il datacenter di Catania del Consortium GARR, senza quindi trasmettere informazioni a servizi esterni.<\/p>\n<p>I dati inseriti dall\u2019utente non saranno in alcun modo accessibili da soggetti terzi differenti dall\u2019utente (o da soggetti da quest\u2019ultimo autorizzati), fatti salvi in cui ci\u00f2 non si renda necessario per il dott. Nicol\u00f2 Paraciani per la risoluzione di problemi tecnici (quali, ad esempio, rimozione di virus, malware, recupero di file eliminati ecc\u2026) e sempre previa autorizzazione da parte dell\u2019utente, ovvero qualora l\u2019accesso sia stato disposto con provvedimento da parte dell\u2019autorit\u00e0 giudiziaria.<\/p>\n<p>Qualora sia individuato un utilizzo improprio del servizio da parte dell\u2019utente, si proceder\u00e0 alla immediata disabilitazione dello stesso, con riserva di segnalazione alle competenti autorit\u00e0 qualora ne sussistano i presupposti.<\/p>\n<p>CNR-ISPC \u00e8 sollevato da qualsiasi utilizzo improprio, illegittimo e\/o fraudolento del servizio da parte degli utenti e non pu\u00f2 essere ritenuto responsabile in nessun modo per le conseguenze che possano derivare a terzi per violazioni riconducibili a tale utilizzo improprio.<\/p>\n<p>CNR-ISPC non \u00e8 ritenuto responsabile della eventuale perdita di dati riconducibile a malfunzionamenti del sistema, n\u00e9 di eventuali danni sub\u00ecti dagli utenti o da questi arrecati a terzi in conseguenza dell\u2019utilizzo del servizio.<\/p>\n<\/div>\n<h3><strong>Cookies Nextcloud<\/strong><\/h3>\n<p>Nextcloud utilizza solo cookies tecnici, strettamente necessari al corretto funzionamento dell\u2019applicazione, come specificato dalla <a href=\"https:\/\/docs.nextcloud.com\/server\/21\/admin_manual\/gdpr\/cookies.html\">documentazione ufficiale,<\/a> alla quale si rimanda e che i singoli utenti dichiarano di accettare nel momento in cui utilizzano il servizio.<\/p>\n<div>\n<h2><strong>Altre informazioni<\/strong><\/h2>\n<p>Questo sito \u00e8 collegato alla rete scientifica e accademica italiana, comunemente chiamata \u201crete GARR\u201d. Tutti gli utenti sono fortemente tenuti a seguire la \u201cGARR Acceptable Use Policy\u201d (AUP), quando accedono a questo sito. Le home page personali sono sotto il diretto controllo e la responsabilit\u00e0 delle singole persone. Tutta l\u2019attivit\u00e0 \u00e8 sotto la diretta supervisione del Direttore dell\u2019Istituto.<\/p>\n<h2><strong>Aggiornamento<\/strong><\/h2>\n<p>La presente privacy policy \u00e8 aggiornata in data 26 marzo 2026.<\/p>\n<\/div>\n<\/div>\n<p>\n<\/div><\/div><\/div><\/div><\/div><\/div><script id=\"script-row-unique-0\" data-row=\"script-row-unique-0\" type=\"text\/javascript\" class=\"vc_controls\">UNCODE.initRow(document.getElementById(\"row-unique-0\"));<\/script><\/div><\/div><\/div>\n<\/div>","protected":false},"excerpt":{"rendered":"Privacy Policy La presente Privacy Policy \u00e8 resa nel rispetto dell\u2019articolo 13 del GDPR 2016\/679 (General Data Protection Regulation, Regolamento [...]","protected":false},"author":11,"featured_media":0,"parent":0,"menu_order":0,"comment_status":"closed","ping_status":"closed","template":"","meta":{"footnotes":""},"research-field":[],"class_list":["post-3179","page","type-page","status-publish","hentry"],"yoast_head":"<!-- This site is optimized with the Yoast SEO plugin v27.3 - https:\/\/yoast.com\/product\/yoast-seo-wordpress\/ -->\n<title>Privacy Policy | Istituto di Scienze del Patrimonio Culturale<\/title>\n<meta name=\"robots\" content=\"index, follow, max-snippet:-1, max-image-preview:large, max-video-preview:-1\" \/>\n<link rel=\"canonical\" href=\"https:\/\/www.ispc.cnr.it\/it_it\/privacy-policy\/\" \/>\n<meta property=\"og:locale\" content=\"it_IT\" \/>\n<meta property=\"og:type\" content=\"article\" \/>\n<meta property=\"og:title\" content=\"Privacy Policy | Istituto di Scienze del Patrimonio Culturale\" \/>\n<meta property=\"og:url\" content=\"https:\/\/www.ispc.cnr.it\/it_it\/privacy-policy\/\" \/>\n<meta property=\"og:site_name\" content=\"Istituto di Scienze del Patrimonio Culturale\" \/>\n<meta property=\"article:publisher\" content=\"https:\/\/www.facebook.com\/ISPCCNR\" \/>\n<meta property=\"article:modified_time\" content=\"2026-03-26T12:47:57+00:00\" \/>\n<meta name=\"twitter:card\" content=\"summary_large_image\" \/>\n<meta name=\"twitter:label1\" content=\"Tempo di lettura stimato\" \/>\n\t<meta name=\"twitter:data1\" content=\"10 minuti\" \/>\n<script type=\"application\/ld+json\" class=\"yoast-schema-graph\">{\"@context\":\"https:\\\/\\\/schema.org\",\"@graph\":[{\"@type\":\"WebPage\",\"@id\":\"https:\\\/\\\/www.ispc.cnr.it\\\/privacy-policy\\\/\",\"url\":\"https:\\\/\\\/www.ispc.cnr.it\\\/privacy-policy\\\/\",\"name\":\"Privacy Policy | Istituto di Scienze del Patrimonio Culturale\",\"isPartOf\":{\"@id\":\"https:\\\/\\\/www.ispc.cnr.it\\\/it_it\\\/#website\"},\"datePublished\":\"2020-06-23T10:38:36+00:00\",\"dateModified\":\"2026-03-26T12:47:57+00:00\",\"breadcrumb\":{\"@id\":\"https:\\\/\\\/www.ispc.cnr.it\\\/privacy-policy\\\/#breadcrumb\"},\"inLanguage\":\"it-IT\",\"potentialAction\":[{\"@type\":\"ReadAction\",\"target\":[\"https:\\\/\\\/www.ispc.cnr.it\\\/privacy-policy\\\/\"]}]},{\"@type\":\"BreadcrumbList\",\"@id\":\"https:\\\/\\\/www.ispc.cnr.it\\\/privacy-policy\\\/#breadcrumb\",\"itemListElement\":[{\"@type\":\"ListItem\",\"position\":1,\"name\":\"Home\",\"item\":\"https:\\\/\\\/www.ispc.cnr.it\\\/\"},{\"@type\":\"ListItem\",\"position\":2,\"name\":\"Privacy Policy\"}]},{\"@type\":\"WebSite\",\"@id\":\"https:\\\/\\\/www.ispc.cnr.it\\\/it_it\\\/#website\",\"url\":\"https:\\\/\\\/www.ispc.cnr.it\\\/it_it\\\/\",\"name\":\"Istituto di Scienze del Patrimonio Culturale\",\"description\":\"CNR - Consiglio Nazionale delle Ricerche\",\"publisher\":{\"@id\":\"https:\\\/\\\/www.ispc.cnr.it\\\/it_it\\\/#organization\"},\"potentialAction\":[{\"@type\":\"SearchAction\",\"target\":{\"@type\":\"EntryPoint\",\"urlTemplate\":\"https:\\\/\\\/www.ispc.cnr.it\\\/it_it\\\/?s={search_term_string}\"},\"query-input\":{\"@type\":\"PropertyValueSpecification\",\"valueRequired\":true,\"valueName\":\"search_term_string\"}}],\"inLanguage\":\"it-IT\"},{\"@type\":\"Organization\",\"@id\":\"https:\\\/\\\/www.ispc.cnr.it\\\/it_it\\\/#organization\",\"name\":\"CNR ISPC | Istituto di Scienze del Patrimonio Culturale\",\"url\":\"https:\\\/\\\/www.ispc.cnr.it\\\/it_it\\\/\",\"logo\":{\"@type\":\"ImageObject\",\"inLanguage\":\"it-IT\",\"@id\":\"https:\\\/\\\/www.ispc.cnr.it\\\/it_it\\\/#\\\/schema\\\/logo\\\/image\\\/\",\"url\":\"https:\\\/\\\/www.ispc.cnr.it\\\/wp-content\\\/uploads\\\/2023\\\/02\\\/3.logo_ISPC_2023_short.svg\",\"contentUrl\":\"https:\\\/\\\/www.ispc.cnr.it\\\/wp-content\\\/uploads\\\/2023\\\/02\\\/3.logo_ISPC_2023_short.svg\",\"width\":\"562\",\"height\":\"314\",\"caption\":\"CNR ISPC | Istituto di Scienze del Patrimonio Culturale\"},\"image\":{\"@id\":\"https:\\\/\\\/www.ispc.cnr.it\\\/it_it\\\/#\\\/schema\\\/logo\\\/image\\\/\"},\"sameAs\":[\"https:\\\/\\\/www.facebook.com\\\/ISPCCNR\",\"https:\\\/\\\/www.instagram.com\\\/ispccnr\\\/\",\"https:\\\/\\\/it.linkedin.com\\\/company\\\/cnr-ispc-institute-of-heritage-science\",\"https:\\\/\\\/www.youtube.com\\\/channel\\\/UCtsBKMrBGwa-ubIL1iw4OMQ\"]}]}<\/script>\n<!-- \/ Yoast SEO plugin. -->","yoast_head_json":{"title":"Privacy Policy | Istituto di Scienze del Patrimonio Culturale","robots":{"index":"index","follow":"follow","max-snippet":"max-snippet:-1","max-image-preview":"max-image-preview:large","max-video-preview":"max-video-preview:-1"},"canonical":"https:\/\/www.ispc.cnr.it\/it_it\/privacy-policy\/","og_locale":"it_IT","og_type":"article","og_title":"Privacy Policy | Istituto di Scienze del Patrimonio Culturale","og_url":"https:\/\/www.ispc.cnr.it\/it_it\/privacy-policy\/","og_site_name":"Istituto di Scienze del Patrimonio Culturale","article_publisher":"https:\/\/www.facebook.com\/ISPCCNR","article_modified_time":"2026-03-26T12:47:57+00:00","twitter_card":"summary_large_image","twitter_misc":{"Tempo di lettura stimato":"10 minuti"},"schema":{"@context":"https:\/\/schema.org","@graph":[{"@type":"WebPage","@id":"https:\/\/www.ispc.cnr.it\/privacy-policy\/","url":"https:\/\/www.ispc.cnr.it\/privacy-policy\/","name":"Privacy Policy | Istituto di Scienze del Patrimonio Culturale","isPartOf":{"@id":"https:\/\/www.ispc.cnr.it\/it_it\/#website"},"datePublished":"2020-06-23T10:38:36+00:00","dateModified":"2026-03-26T12:47:57+00:00","breadcrumb":{"@id":"https:\/\/www.ispc.cnr.it\/privacy-policy\/#breadcrumb"},"inLanguage":"it-IT","potentialAction":[{"@type":"ReadAction","target":["https:\/\/www.ispc.cnr.it\/privacy-policy\/"]}]},{"@type":"BreadcrumbList","@id":"https:\/\/www.ispc.cnr.it\/privacy-policy\/#breadcrumb","itemListElement":[{"@type":"ListItem","position":1,"name":"Home","item":"https:\/\/www.ispc.cnr.it\/"},{"@type":"ListItem","position":2,"name":"Privacy Policy"}]},{"@type":"WebSite","@id":"https:\/\/www.ispc.cnr.it\/it_it\/#website","url":"https:\/\/www.ispc.cnr.it\/it_it\/","name":"Istituto di Scienze del Patrimonio Culturale","description":"CNR - Consiglio Nazionale delle Ricerche","publisher":{"@id":"https:\/\/www.ispc.cnr.it\/it_it\/#organization"},"potentialAction":[{"@type":"SearchAction","target":{"@type":"EntryPoint","urlTemplate":"https:\/\/www.ispc.cnr.it\/it_it\/?s={search_term_string}"},"query-input":{"@type":"PropertyValueSpecification","valueRequired":true,"valueName":"search_term_string"}}],"inLanguage":"it-IT"},{"@type":"Organization","@id":"https:\/\/www.ispc.cnr.it\/it_it\/#organization","name":"CNR ISPC | Istituto di Scienze del Patrimonio Culturale","url":"https:\/\/www.ispc.cnr.it\/it_it\/","logo":{"@type":"ImageObject","inLanguage":"it-IT","@id":"https:\/\/www.ispc.cnr.it\/it_it\/#\/schema\/logo\/image\/","url":"https:\/\/www.ispc.cnr.it\/wp-content\/uploads\/2023\/02\/3.logo_ISPC_2023_short.svg","contentUrl":"https:\/\/www.ispc.cnr.it\/wp-content\/uploads\/2023\/02\/3.logo_ISPC_2023_short.svg","width":"562","height":"314","caption":"CNR ISPC | Istituto di Scienze del Patrimonio Culturale"},"image":{"@id":"https:\/\/www.ispc.cnr.it\/it_it\/#\/schema\/logo\/image\/"},"sameAs":["https:\/\/www.facebook.com\/ISPCCNR","https:\/\/www.instagram.com\/ispccnr\/","https:\/\/it.linkedin.com\/company\/cnr-ispc-institute-of-heritage-science","https:\/\/www.youtube.com\/channel\/UCtsBKMrBGwa-ubIL1iw4OMQ"]}]}},"_links":{"self":[{"href":"https:\/\/www.ispc.cnr.it\/it_it\/wp-json\/wp\/v2\/pages\/3179","targetHints":{"allow":["GET"]}}],"collection":[{"href":"https:\/\/www.ispc.cnr.it\/it_it\/wp-json\/wp\/v2\/pages"}],"about":[{"href":"https:\/\/www.ispc.cnr.it\/it_it\/wp-json\/wp\/v2\/types\/page"}],"author":[{"embeddable":true,"href":"https:\/\/www.ispc.cnr.it\/it_it\/wp-json\/wp\/v2\/users\/11"}],"replies":[{"embeddable":true,"href":"https:\/\/www.ispc.cnr.it\/it_it\/wp-json\/wp\/v2\/comments?post=3179"}],"version-history":[{"count":24,"href":"https:\/\/www.ispc.cnr.it\/it_it\/wp-json\/wp\/v2\/pages\/3179\/revisions"}],"predecessor-version":[{"id":24058,"href":"https:\/\/www.ispc.cnr.it\/it_it\/wp-json\/wp\/v2\/pages\/3179\/revisions\/24058"}],"wp:attachment":[{"href":"https:\/\/www.ispc.cnr.it\/it_it\/wp-json\/wp\/v2\/media?parent=3179"}],"wp:term":[{"taxonomy":"research_field","embeddable":true,"href":"https:\/\/www.ispc.cnr.it\/it_it\/wp-json\/wp\/v2\/research-field?post=3179"}],"curies":[{"name":"wp","href":"https:\/\/api.w.org\/{rel}","templated":true}]}}